
{"id":48295,"date":"2016-07-04T20:06:55","date_gmt":"2016-07-04T20:06:55","guid":{"rendered":"http:\/\/geobim.hr\/?page_id=48295"},"modified":"2025-09-29T20:06:41","modified_gmt":"2025-09-29T20:06:41","slug":"o-nama","status":"publish","type":"page","link":"https:\/\/geobim.hr\/index.php\/o-nama\/","title":{"rendered":"O nama"},"content":{"rendered":"<p>[vc_row unlock_row_content=&#8221;yes&#8221; row_height_percent=&#8221;0&#8243; override_padding=&#8221;yes&#8221; h_padding=&#8221;0&#8243; top_padding=&#8221;0&#8243; bottom_padding=&#8221;0&#8243; overlay_alpha=&#8221;50&#8243; equal_height=&#8221;yes&#8221; gutter_size=&#8221;0&#8243; shift_y=&#8221;0&#8243;][vc_column column_width_percent=&#8221;100&#8243; position_vertical=&#8221;middle&#8221; override_padding=&#8221;yes&#8221; column_padding=&#8221;2&#8243; style=&#8221;dark&#8221; font_family=&#8221;font-762333&#8243; back_color=&#8221;color-rgdb&#8221; overlay_alpha=&#8221;50&#8243; gutter_size=&#8221;3&#8243; align_medium=&#8221;align_center_tablet&#8221; medium_width=&#8221;0&#8243; align_mobile=&#8221;align_center_mobile&#8221; shift_x=&#8221;0&#8243; shift_y=&#8221;0&#8243; z_index=&#8221;0&#8243; css_animation=&#8221;zoom-in&#8221; width=&#8221;5\/12&#8243;][vc_single_image media=&#8221;48762&#8243; media_width_percent=&#8221;100&#8243;][\/vc_column][vc_column column_width_percent=&#8221;100&#8243; position_vertical=&#8221;middle&#8221; override_padding=&#8221;yes&#8221; column_padding=&#8221;4&#8243; style=&#8221;dark&#8221; font_family=&#8221;font-762333&#8243; back_color=&#8221;color-wayh&#8221; overlay_alpha=&#8221;50&#8243; gutter_size=&#8221;3&#8243; align_medium=&#8221;align_center_tablet&#8221; medium_width=&#8221;0&#8243; align_mobile=&#8221;align_center_mobile&#8221; shift_x=&#8221;0&#8243; shift_y=&#8221;0&#8243; z_index=&#8221;0&#8243; css_animation=&#8221;zoom-in&#8221; animation_delay=&#8221;100&#8243; width=&#8221;4\/12&#8243;][vc_custom_heading heading_semantic=&#8221;h3&#8243; text_size=&#8221;h1&#8243; text_font=&#8221;font-202503&#8243; separator=&#8221;yes&#8221;]Geobim d.o.o.[\/vc_custom_heading][vc_column_text text_lead=&#8221;yes&#8221;]Livadska 11, 42214 Beletinec<br \/>\nOIB:15219045598<br \/>\nMB:03818829<br \/>\nIBAN: HR8423400091110143541<\/p>\n<p>Ovla\u0161tene osobe za zastupanje:<br \/>\nKristijan Ostro\u0161ki<br \/>\nTomislav Ostro\u0161ki[\/vc_column_text][\/vc_column][vc_column column_width_percent=&#8221;100&#8243; position_vertical=&#8221;middle&#8221; align_horizontal=&#8221;align_center&#8221; override_padding=&#8221;yes&#8221; column_padding=&#8221;4&#8243; style=&#8221;dark&#8221; font_family=&#8221;font-762333&#8243; back_color=&#8221;color-iopl&#8221; overlay_alpha=&#8221;50&#8243; gutter_size=&#8221;1&#8243; medium_width=&#8221;0&#8243; shift_x=&#8221;0&#8243; shift_y=&#8221;0&#8243; z_index=&#8221;0&#8243; css_animation=&#8221;zoom-in&#8221; animation_delay=&#8221;200&#8243; width=&#8221;3\/12&#8243;][vc_custom_heading heading_semantic=&#8221;h3&#8243; text_size=&#8221;h1&#8243; text_font=&#8221;font-202503&#8243; text_transform=&#8221;capitalize&#8221; separator=&#8221;yes&#8221;]Kontakt<br \/>\n[\/vc_custom_heading][vc_column_text text_lead=&#8221;yes&#8221;]Telefon: 042 749409<br \/>\nTelefaks: 042 749409<br \/>\nMail: info@geobim.hr<br \/>\nWeb: www.geobim.hr[\/vc_column_text][vc_button radius=&#8221;btn-circle&#8221; outline=&#8221;yes&#8221; link=&#8221;url:http%3A%2F%2Fgeobim.hr%2Findex.php%2Fkontakt%2F||&#8221;]Kontakt[\/vc_button][\/vc_column][\/vc_row][vc_row unlock_row_content=&#8221;yes&#8221; row_height_percent=&#8221;0&#8243; override_padding=&#8221;yes&#8221; h_padding=&#8221;0&#8243; top_padding=&#8221;0&#8243; bottom_padding=&#8221;0&#8243; overlay_alpha=&#8221;50&#8243; equal_height=&#8221;yes&#8221; gutter_size=&#8221;0&#8243; shift_y=&#8221;0&#8243;][\/vc_row][vc_row unlock_row_content=&#8221;yes&#8221; row_height_percent=&#8221;0&#8243; override_padding=&#8221;yes&#8221; h_padding=&#8221;2&#8243; top_padding=&#8221;4&#8243; bottom_padding=&#8221;4&#8243; overlay_alpha=&#8221;50&#8243; gutter_size=&#8221;3&#8243; shift_y=&#8221;0&#8243;][vc_column column_width_percent=&#8221;100&#8243; position_vertical=&#8221;middle&#8221; font_family=&#8221;font-762333&#8243; overlay_alpha=&#8221;50&#8243; gutter_size=&#8221;3&#8243; medium_width=&#8221;0&#8243; shift_x=&#8221;0&#8243; shift_y=&#8221;0&#8243; z_index=&#8221;0&#8243; width=&#8221;1\/1&#8243;][vc_custom_heading text_size=&#8221;&#8221; text_font=&#8221;font-202503&#8243; separator=&#8221;yes&#8221; separator_color=&#8221;yes&#8221; sub_lead=&#8221;yes&#8221; subheading=&#8221;Poduze\u0107e \u00abGEOBIM\u00bb d.o.o. osnovano je 1992.godine od strane Ostro\u0161ki Ivana, djelatnika Geolo\u0161kog zavoda Ljubljana iz djelatnost niskogradnje,bu\u0161enja i miniranja.<\/p>\n<p>Poduze\u0107e je u potpunom privatnom vlasni\u0161tvu Ivana Ostro\u0161ki, koji je u vrijeme rada u Geolo\u0161kom zavodu vodio podru\u010dje Dalmacije, Hercegovine i Crne Gore od 1972. do 1992.<br \/>\nDirektori poduze\u0107a su Kristijan Ostro\u0161ki i Tomislav Ostro\u0161ki.<br \/>\nOd osnutka poduze\u0107a 1992.godine do danas osnovna djelatnost poduze\u0107a je bu\u0161enje i miniranje.<br \/>\nNabavom stroja i prate\u0107e opreme za geotehni\u010dka bu\u0161enja od 2008.godine poduze\u0107e pro\u0161iruje navedenu djelatnost na izvo\u0111enje radova bu\u0161enja bunara, bu\u0161enja bu\u0161otina za geotermalne izvore energije (obnovljiva energija), bu\u0161enja kod sanacije i osiguranja gra\u0111evinskih jama(sidra i piloti), istra\u017ena bu\u0161enja itd.<br \/>\nZa potrebe miniranja na na\u0161im gradili\u0161tima proizvodimo vlastiti eksploziv pod nazivom \u00abGETIK\u00bb (tipa AN-FO) za gospodarsku uporabu.<br \/>\nDanas poduze\u0107e ima cca. trideset zaposlenih djelatnika kvalificiranih za poslove projektiranja,bu\u0161enja i miniranja i to od SSS do VSS sa polo\u017eenim stru\u010dnim ispitima. Svi djelatnici imaju vi\u0161egodi\u0161nje radno iskustvo.<br \/>\n&#8220;]O nama[\/vc_custom_heading][\/vc_column][\/vc_row][vc_row unlock_row_content=&#8221;yes&#8221; row_height_percent=&#8221;0&#8243; override_padding=&#8221;yes&#8221; h_padding=&#8221;0&#8243; top_padding=&#8221;0&#8243; bottom_padding=&#8221;0&#8243; overlay_alpha=&#8221;100&#8243; gutter_size=&#8221;0&#8243; style=&#8221;inherited&#8221;][\/vc_row][vc_row unlock_row_content=&#8221;yes&#8221; row_height_percent=&#8221;0&#8243; override_padding=&#8221;yes&#8221; h_padding=&#8221;0&#8243; top_padding=&#8221;0&#8243; bottom_padding=&#8221;0&#8243; overlay_alpha=&#8221;100&#8243; gutter_size=&#8221;0&#8243; style=&#8221;inherited&#8221;][\/vc_row][vc_row unlock_row_content=&#8221;yes&#8221; row_height_percent=&#8221;0&#8243; override_padding=&#8221;yes&#8221; h_padding=&#8221;0&#8243; top_padding=&#8221;0&#8243; bottom_padding=&#8221;0&#8243; overlay_alpha=&#8221;100&#8243; gutter_size=&#8221;0&#8243; style=&#8221;inherited&#8221;][\/vc_row]<\/p>\n","protected":false},"excerpt":{"rendered":"<p>[vc_row unlock_row_content=&#8221;yes&#8221; row_height_percent=&#8221;0&#8243; override_padding=&#8221;yes&#8221; h_padding=&#8221;0&#8243; top_padding=&#8221;0&#8243; bottom_padding=&#8221;0&#8243; overlay_alpha=&#8221;50&#8243; equal_height=&#8221;yes&#8221; gutter_size=&#8221;0&#8243; shift_y=&#8221;0&#8243;][vc_column column_width_percent=&#8221;100&#8243; position_vertical=&#8221;middle&#8221; override_padding=&#8221;yes&#8221; column_padding=&#8221;2&#8243; style=&#8221;dark&#8221; font_family=&#8221;font-762333&#8243; back_color=&#8221;color-rgdb&#8221; overlay_alpha=&#8221;50&#8243; gutter_size=&#8221;3&#8243; [&hellip;]<\/p>\n","protected":false},"author":1,"featured_media":0,"parent":0,"menu_order":0,"comment_status":"closed","ping_status":"closed","template":"","meta":{"footnotes":""},"class_list":["post-48295","page","type-page","status-publish","hentry"],"_links":{"self":[{"href":"https:\/\/geobim.hr\/index.php\/wp-json\/wp\/v2\/pages\/48295","targetHints":{"allow":["GET"]}}],"collection":[{"href":"https:\/\/geobim.hr\/index.php\/wp-json\/wp\/v2\/pages"}],"about":[{"href":"https:\/\/geobim.hr\/index.php\/wp-json\/wp\/v2\/types\/page"}],"author":[{"embeddable":true,"href":"https:\/\/geobim.hr\/index.php\/wp-json\/wp\/v2\/users\/1"}],"replies":[{"embeddable":true,"href":"https:\/\/geobim.hr\/index.php\/wp-json\/wp\/v2\/comments?post=48295"}],"version-history":[{"count":43,"href":"https:\/\/geobim.hr\/index.php\/wp-json\/wp\/v2\/pages\/48295\/revisions"}],"predecessor-version":[{"id":48798,"href":"https:\/\/geobim.hr\/index.php\/wp-json\/wp\/v2\/pages\/48295\/revisions\/48798"}],"wp:attachment":[{"href":"https:\/\/geobim.hr\/index.php\/wp-json\/wp\/v2\/media?parent=48295"}],"curies":[{"name":"wp","href":"https:\/\/api.w.org\/{rel}","templated":true}]}}