
{"id":48303,"date":"2016-07-04T20:07:43","date_gmt":"2016-07-04T20:07:43","guid":{"rendered":"http:\/\/geobim.hr\/?page_id=48303"},"modified":"2016-11-20T22:31:12","modified_gmt":"2016-11-20T22:31:12","slug":"geomehanika","status":"publish","type":"page","link":"https:\/\/geobim.hr\/index.php\/geomehanika\/","title":{"rendered":"Geotehnika i geomehanika"},"content":{"rendered":"<p>[vc_row unlock_row_content=&#8221;yes&#8221; row_height_percent=&#8221;0&#8243; override_padding=&#8221;yes&#8221; h_padding=&#8221;0&#8243; top_padding=&#8221;0&#8243; bottom_padding=&#8221;0&#8243; overlay_alpha=&#8221;50&#8243; equal_height=&#8221;yes&#8221; gutter_size=&#8221;0&#8243; shift_y=&#8221;0&#8243;][vc_column column_width_percent=&#8221;100&#8243; position_vertical=&#8221;middle&#8221; override_padding=&#8221;yes&#8221; column_padding=&#8221;2&#8243; style=&#8221;dark&#8221; font_family=&#8221;font-762333&#8243; back_color=&#8221;color-rgdb&#8221; overlay_alpha=&#8221;50&#8243; gutter_size=&#8221;3&#8243; align_medium=&#8221;align_center_tablet&#8221; medium_width=&#8221;0&#8243; align_mobile=&#8221;align_center_mobile&#8221; shift_x=&#8221;0&#8243; shift_y=&#8221;0&#8243; z_index=&#8221;0&#8243; css_animation=&#8221;zoom-in&#8221; width=&#8221;1\/2&#8243;][vc_single_image media=&#8221;48700&#8243; media_width_percent=&#8221;100&#8243;][\/vc_column][vc_column column_width_percent=&#8221;100&#8243; position_vertical=&#8221;middle&#8221; align_horizontal=&#8221;align_center&#8221; override_padding=&#8221;yes&#8221; column_padding=&#8221;4&#8243; style=&#8221;dark&#8221; font_family=&#8221;font-762333&#8243; back_color=&#8221;color-iopl&#8221; overlay_alpha=&#8221;50&#8243; gutter_size=&#8221;1&#8243; medium_width=&#8221;0&#8243; shift_x=&#8221;0&#8243; shift_y=&#8221;0&#8243; z_index=&#8221;0&#8243; css_animation=&#8221;zoom-in&#8221; animation_delay=&#8221;200&#8243; width=&#8221;1\/2&#8243;][vc_custom_heading heading_semantic=&#8221;h3&#8243; text_size=&#8221;h1&#8243; text_font=&#8221;font-202503&#8243;]Geotehnika i geomehanika[\/vc_custom_heading][\/vc_column][\/vc_row][vc_row unlock_row_content=&#8221;yes&#8221; row_height_percent=&#8221;0&#8243; override_padding=&#8221;yes&#8221; h_padding=&#8221;2&#8243; top_padding=&#8221;4&#8243; bottom_padding=&#8221;4&#8243; overlay_alpha=&#8221;50&#8243; gutter_size=&#8221;3&#8243; shift_y=&#8221;0&#8243;][vc_column column_width_percent=&#8221;100&#8243; position_vertical=&#8221;middle&#8221; font_family=&#8221;font-762333&#8243; overlay_alpha=&#8221;50&#8243; gutter_size=&#8221;3&#8243; medium_width=&#8221;0&#8243; shift_x=&#8221;0&#8243; shift_y=&#8221;0&#8243; z_index=&#8221;0&#8243; width=&#8221;1\/1&#8243;][vc_custom_heading text_size=&#8221;&#8221; text_font=&#8221;font-202503&#8243; sub_lead=&#8221;yes&#8221; subheading=&#8221;Poslovi koje izvodimo u ovoj grupi radova su mnogobrojni pa izdvajamo neke od njih.<\/p>\n<p>ISTRA\u017dNO BU\u0160ENJE \u2013 jedna od va\u017enih indirektnih metoda ispitivanja tla. Ova metoda se naj\u010de\u0161\u0107e koristi za ispitivanje dubljih dijelova podzemlja.<br \/>\nIZVEDBA PIEZOMETARA &#8211; slu\u017ee za registriranje nivoa podzemnih voda<br \/>\nIZVEDBA INKLINOMETARA \u2013 slu\u017ee za mjerenje inklinacija tla<br \/>\nIZVEDBA DEFORMETARA \u2013 slu\u017ee za mjerenje deformacija i relativnih pomaka<br \/>\nIZVEDBA SAMOBU\u0160IVIH DRENOVA \u2013 slu\u017ee za dreniranje podzemne vode<br \/>\nIZVEDBA MIKROPILOTA I PILOTA \u2013 slu\u017ee za prijenos optere\u0107enja gra\u0111evine u dublje slojeve tla. Izvodimo pilote do promjera 600 mm.<br \/>\nZA\u0160TITA POKOSA \u2013 radi se u svrhu stabilizacije pokosa. Za\u0161titu pokosa izvodimo sidrima, mlaznim betonom, mre\u017eom za za\u0161titu od odrona itd.<br \/>\nZA\u0160TITA GRA\u0110.JAMA \u2013 radi se u svrhu osiguranja bokova gra\u0111evinske jame, a sve s aspekta sigurnosti prilikom izvo\u0111enja radova unutar gra\u0111evinske jame. Obi\u010dno se izvode sidra u kombinaciji sa mlaznim betonom.<\/p>\n<p>&#8220;][\/vc_custom_heading][\/vc_column][\/vc_row][vc_row unlock_row_content=&#8221;yes&#8221; row_height_percent=&#8221;0&#8243; override_padding=&#8221;yes&#8221; h_padding=&#8221;0&#8243; top_padding=&#8221;0&#8243; bottom_padding=&#8221;0&#8243; overlay_alpha=&#8221;100&#8243; gutter_size=&#8221;0&#8243; style=&#8221;inherited&#8221;][\/vc_row][vc_row unlock_row_content=&#8221;yes&#8221; row_height_percent=&#8221;0&#8243; override_padding=&#8221;yes&#8221; h_padding=&#8221;0&#8243; top_padding=&#8221;0&#8243; bottom_padding=&#8221;0&#8243; overlay_alpha=&#8221;50&#8243; equal_height=&#8221;yes&#8221; gutter_size=&#8221;0&#8243; shift_y=&#8221;0&#8243;][\/vc_row]<\/p>\n","protected":false},"excerpt":{"rendered":"<p>[vc_row unlock_row_content=&#8221;yes&#8221; row_height_percent=&#8221;0&#8243; override_padding=&#8221;yes&#8221; h_padding=&#8221;0&#8243; top_padding=&#8221;0&#8243; bottom_padding=&#8221;0&#8243; overlay_alpha=&#8221;50&#8243; equal_height=&#8221;yes&#8221; gutter_size=&#8221;0&#8243; shift_y=&#8221;0&#8243;][vc_column column_width_percent=&#8221;100&#8243; position_vertical=&#8221;middle&#8221; override_padding=&#8221;yes&#8221; column_padding=&#8221;2&#8243; style=&#8221;dark&#8221; font_family=&#8221;font-762333&#8243; back_color=&#8221;color-rgdb&#8221; overlay_alpha=&#8221;50&#8243; gutter_size=&#8221;3&#8243; [&hellip;]<\/p>\n","protected":false},"author":1,"featured_media":0,"parent":0,"menu_order":0,"comment_status":"closed","ping_status":"closed","template":"","meta":{"footnotes":""},"class_list":["post-48303","page","type-page","status-publish","hentry"],"_links":{"self":[{"href":"https:\/\/geobim.hr\/index.php\/wp-json\/wp\/v2\/pages\/48303","targetHints":{"allow":["GET"]}}],"collection":[{"href":"https:\/\/geobim.hr\/index.php\/wp-json\/wp\/v2\/pages"}],"about":[{"href":"https:\/\/geobim.hr\/index.php\/wp-json\/wp\/v2\/types\/page"}],"author":[{"embeddable":true,"href":"https:\/\/geobim.hr\/index.php\/wp-json\/wp\/v2\/users\/1"}],"replies":[{"embeddable":true,"href":"https:\/\/geobim.hr\/index.php\/wp-json\/wp\/v2\/comments?post=48303"}],"version-history":[{"count":5,"href":"https:\/\/geobim.hr\/index.php\/wp-json\/wp\/v2\/pages\/48303\/revisions"}],"predecessor-version":[{"id":48702,"href":"https:\/\/geobim.hr\/index.php\/wp-json\/wp\/v2\/pages\/48303\/revisions\/48702"}],"wp:attachment":[{"href":"https:\/\/geobim.hr\/index.php\/wp-json\/wp\/v2\/media?parent=48303"}],"curies":[{"name":"wp","href":"https:\/\/api.w.org\/{rel}","templated":true}]}}